{"id":2,"date":"2019-02-26T19:45:19","date_gmt":"2019-02-26T19:45:19","guid":{"rendered":"http:\/\/localhost\/wp\/wp481\/?page_id=2"},"modified":"2019-05-21T21:28:31","modified_gmt":"2019-05-21T21:28:31","slug":"main","status":"publish","type":"page","link":"https:\/\/www.creativeclinic.cz\/","title":{"rendered":"Main"},"content":{"rendered":"<p>\t\t\t\t<img decoding=\"async\" src=\"http:\/\/www.creativeclinic.cz\/wp-content\/uploads\/2019\/02\/logo.png\" alt=\"logo\" itemprop=\"image\"  \/><br \/>\n\t\t\t\t<img decoding=\"async\" src=\"http:\/\/www.creativeclinic.cz\/wp-content\/uploads\/2019\/02\/tel.png\" alt=\"tel\" itemprop=\"image\"  \/><br \/>\n\t\t\t\t<img decoding=\"async\" src=\"http:\/\/www.creativeclinic.cz\/wp-content\/uploads\/2019\/02\/design.png\" alt=\"design\" itemprop=\"image\"  \/><\/p>\n<h3>\n\t\t<center>C\u00cdLEN\u00c9 ZPRACOV\u00c1N\u00cd GRAFICK\u00ddCH PRVK\u016e A TEXT\u016e<\/br> PRO P\u0158EDSTAVEN\u00cd INFORMACE,  MY\u0160LENKY, NEBO N\u00c1ZORU<br \/>\n\t<\/h3>\n<p style=\"text-align: right;\"><strong>GRAFICK\u00dd DESIGN<\/strong><\/p>\n<p style=\"text-align: right;\">LOGO<\/p>\n<p style=\"text-align: right;\">FIREMN\u00cd IDENTITA<\/p>\n<p style=\"text-align: right;\">LET\u00c1KY_PLAK\u00c1TY_BRO\u017dURY<\/p>\n<p style=\"text-align: right;\">PREZENTACE<\/p>\n<p style=\"text-align: right;\">WEB<\/p>\n<p>\u00a0<\/p>\n<p style=\"text-align: right;\"><strong>TISKOV\u00c1 PRODUKCE<\/strong><\/p>\n<h3>\n\t\tK   L   I   E   N   T   I<br \/>\n\t<\/h3>\n<p>\t\t\t\t<img decoding=\"async\" src=\"http:\/\/www.creativeclinic.cz\/wp-content\/uploads\/2019\/02\/unipetrol.png\" alt=\"unipetrol\" itemprop=\"image\"  \/><br \/>\n\t\t\t\t<img decoding=\"async\" src=\"http:\/\/www.creativeclinic.cz\/wp-content\/uploads\/2019\/02\/realiste.png\" alt=\"realiste\" itemprop=\"image\"  \/><br \/>\n\t\t\t\t<img decoding=\"async\" src=\"http:\/\/www.creativeclinic.cz\/wp-content\/uploads\/2019\/02\/nejcz.png\" alt=\"nejcz\" itemprop=\"image\"  \/><br \/>\n\t\t\t\t<img decoding=\"async\" src=\"http:\/\/www.creativeclinic.cz\/wp-content\/uploads\/2019\/02\/czub.png\" alt=\"czub\" itemprop=\"image\"  \/><br \/>\n\t\t\t\t<img decoding=\"async\" src=\"http:\/\/www.creativeclinic.cz\/wp-content\/uploads\/2019\/02\/sky.png\" alt=\"sky\" itemprop=\"image\"  \/><br \/>\n\t\t\t\t<img decoding=\"async\" src=\"http:\/\/www.creativeclinic.cz\/wp-content\/uploads\/2019\/02\/premiumapp.png\" alt=\"premiumapp\" itemprop=\"image\"  \/><br \/>\n\t\t\t\t<img decoding=\"async\" src=\"http:\/\/www.creativeclinic.cz\/wp-content\/uploads\/2019\/02\/manes.png\" alt=\"manes\" itemprop=\"image\"  \/><br \/>\n\t\t\t\t<img decoding=\"async\" src=\"http:\/\/www.creativeclinic.cz\/wp-content\/uploads\/2019\/02\/cs.png\" alt=\"cs\" itemprop=\"image\"  \/><br \/>\n\t\t\t\t<img decoding=\"async\" src=\"http:\/\/www.creativeclinic.cz\/wp-content\/uploads\/2019\/02\/regulus.png\" alt=\"regulus\" itemprop=\"image\"  \/><br \/>\n\t\t\t\t<img decoding=\"async\" src=\"http:\/\/www.creativeclinic.cz\/wp-content\/uploads\/2019\/02\/ppas.png\" alt=\"ppas\" itemprop=\"image\"  \/><br \/>\n\t\t\t\t<img decoding=\"async\" src=\"http:\/\/www.creativeclinic.cz\/wp-content\/uploads\/2019\/02\/eutit.png\" alt=\"eutit\" itemprop=\"image\"  \/><br \/>\n\t\t\t\t<img decoding=\"async\" src=\"http:\/\/www.creativeclinic.cz\/wp-content\/uploads\/2019\/02\/benzina.png\" alt=\"benzina\" itemprop=\"image\"  \/><\/p>\n","protected":false},"excerpt":{"rendered":"<p>C\u00cdLEN\u00c9 ZPRACOV\u00c1N\u00cd GRAFICK\u00ddCH PRVK\u016e A TEXT\u016e PRO P\u0158EDSTAVEN\u00cd INFORMACE, MY\u0160LENKY, NEBO N\u00c1ZORU GRAFICK\u00dd DESIGN LOGO FIREMN\u00cd IDENTITA LET\u00c1KY_PLAK\u00c1TY_BRO\u017dURY PREZENTACE WEB \u00a0 TISKOV\u00c1 PRODUKCE K L I E N T I<\/p>\n","protected":false},"author":1,"featured_media":0,"parent":0,"menu_order":0,"comment_status":"closed","ping_status":"closed","template":"tpl-no-header-footer.php","meta":{"inline_featured_image":false,"footnotes":""},"class_list":["post-2","page","type-page","status-publish","hentry"],"aioseo_notices":[],"_links":{"self":[{"href":"https:\/\/www.creativeclinic.cz\/index.php\/wp-json\/wp\/v2\/pages\/2","targetHints":{"allow":["GET"]}}],"collection":[{"href":"https:\/\/www.creativeclinic.cz\/index.php\/wp-json\/wp\/v2\/pages"}],"about":[{"href":"https:\/\/www.creativeclinic.cz\/index.php\/wp-json\/wp\/v2\/types\/page"}],"author":[{"embeddable":true,"href":"https:\/\/www.creativeclinic.cz\/index.php\/wp-json\/wp\/v2\/users\/1"}],"replies":[{"embeddable":true,"href":"https:\/\/www.creativeclinic.cz\/index.php\/wp-json\/wp\/v2\/comments?post=2"}],"version-history":[{"count":17,"href":"https:\/\/www.creativeclinic.cz\/index.php\/wp-json\/wp\/v2\/pages\/2\/revisions"}],"predecessor-version":[{"id":40,"href":"https:\/\/www.creativeclinic.cz\/index.php\/wp-json\/wp\/v2\/pages\/2\/revisions\/40"}],"wp:attachment":[{"href":"https:\/\/www.creativeclinic.cz\/index.php\/wp-json\/wp\/v2\/media?parent=2"}],"curies":[{"name":"wp","href":"https:\/\/api.w.org\/{rel}","templated":true}]}}